{"id":603,"date":"2019-12-22T17:02:47","date_gmt":"2019-12-22T16:02:47","guid":{"rendered":"http:\/\/www.westcoastswing.at\/wordpress\/?page_id=603"},"modified":"2026-02-24T12:15:31","modified_gmt":"2026-02-24T11:15:31","slug":"wcs-clubtraining","status":"publish","type":"page","link":"https:\/\/www.westcoastswing.at\/wordpress\/wcs-clubtraining\/","title":{"rendered":"WCS Clubtraining"},"content":{"rendered":"\n<h4 class=\"wp-block-heading\">Immer anschlie\u00dfend an den Anf\u00e4ngerworkshop<\/h4>\n\n\n\n<p>Um dem Clubtraining leicht folgen zu k\u00f6nnen, empfehlen wir den Anf\u00e4ngerworkshop zweimal zu durchlaufen. ( Beim 2. Durchlauf entstehen nur die Kosten des Clubtrainings und du kannst auch schon mal beim Clubtraining hineinschnuppern. Danach ist der Eintritt in unseren Verein m\u00f6glich.)<br><br>Du hast dadurch nun keine Probleme mehr, zu unterschiedlich schneller Musik und mit Partnern unterschiedlichster Level (Anf\u00e4nger, Fortgeschrittene, &#8230;) zu tanzen. Du bist daran interessiert deinen eigenen Stil zu finden,&nbsp; du m\u00f6chtest neue Variationen und Moves lernen.<\/p>\n\n\n\n<p>In monatlichen Schwerpunkten werden wir hier Themen wie F\u00fchrung, Musikalit\u00e4t, Schrittvariationen, Schritttechnik usw. bearbeiten.<\/p>\n\n\n\n<p>Die Trainingseinheiten sind nicht aufeinander aufbauend.<\/p>\n\n\n\n<p>Kosten Clubtraining: \u20ac 10,&#8211;\/Person(Vereinsmitglieder \u20ac 8,&#8211;)<\/p>\n\n\n\n<p>Trainingsdauer 2h<\/p>\n","protected":false},"excerpt":{"rendered":"<p>Immer anschlie\u00dfend an den Anf\u00e4ngerworkshop Um dem Clubtraining leicht folgen zu k\u00f6nnen, empfehlen wir den Anf\u00e4ngerworkshop zweimal zu durchlaufen. ( Beim 2. Durchlauf entstehen nur die Kosten des Clubtrainings und du kannst auch schon mal beim Clubtraining hineinschnuppern. Danach ist &hellip; <a href=\"https:\/\/www.westcoastswing.at\/wordpress\/wcs-clubtraining\/\">Weiterlesen <span class=\"meta-nav\">&rarr;<\/span><\/a><\/p>\n","protected":false},"author":1,"featured_media":0,"parent":0,"menu_order":0,"comment_status":"closed","ping_status":"closed","template":"","meta":{"footnotes":""},"class_list":["post-603","page","type-page","status-publish","hentry"],"_links":{"self":[{"href":"https:\/\/www.westcoastswing.at\/wordpress\/wp-json\/wp\/v2\/pages\/603","targetHints":{"allow":["GET"]}}],"collection":[{"href":"https:\/\/www.westcoastswing.at\/wordpress\/wp-json\/wp\/v2\/pages"}],"about":[{"href":"https:\/\/www.westcoastswing.at\/wordpress\/wp-json\/wp\/v2\/types\/page"}],"author":[{"embeddable":true,"href":"https:\/\/www.westcoastswing.at\/wordpress\/wp-json\/wp\/v2\/users\/1"}],"replies":[{"embeddable":true,"href":"https:\/\/www.westcoastswing.at\/wordpress\/wp-json\/wp\/v2\/comments?post=603"}],"version-history":[{"count":10,"href":"https:\/\/www.westcoastswing.at\/wordpress\/wp-json\/wp\/v2\/pages\/603\/revisions"}],"predecessor-version":[{"id":873,"href":"https:\/\/www.westcoastswing.at\/wordpress\/wp-json\/wp\/v2\/pages\/603\/revisions\/873"}],"wp:attachment":[{"href":"https:\/\/www.westcoastswing.at\/wordpress\/wp-json\/wp\/v2\/media?parent=603"}],"curies":[{"name":"wp","href":"https:\/\/api.w.org\/{rel}","templated":true}]}}