{"id":16,"date":"2015-06-07T20:06:04","date_gmt":"2015-06-07T18:06:04","guid":{"rendered":"http:\/\/www.westcoastswing.at\/wordpress\/?page_id=16"},"modified":"2020-01-11T14:15:10","modified_gmt":"2020-01-11T13:15:10","slug":"impressum","status":"publish","type":"page","link":"https:\/\/www.westcoastswing.at\/wordpress\/impressum\/","title":{"rendered":"Impressum"},"content":{"rendered":"<h1><span style=\"color: #ff6600;\"><strong>Herzlich Willkommen beim ersten West Coast Swing Tanzklub in Ober\u00f6sterreich.<\/strong><\/span><\/h1>\n<h2><span style=\"color: #ff9900;\">Unser Standort ist in Traun. Wir trainieren im<\/span><\/h2>\n<h3 style=\"text-align: center;\"><strong>Pfarrsaal der evangelischen Kirche Traun<\/strong><br \/>\n<strong>Doktor \u2013 Knechtl \u2013 Stra\u00dfe 31<\/strong><br \/>\n<strong>4050 Traun<\/strong><\/h3>\n<p style=\"text-align: center;\"><a href=\"https:\/\/www.google.com\/maps\/place\/Evangelische+Pfarrgemeinde+A.B.+Traun\/@48.2245813,14.2415168,18z\/data=!4m5!3m4!1s0x477395cd85adefb1:0x2d6203a9896a7a80!8m2!3d48.2245778!4d14.2426111\" target=\"_blank\" rel=\"noopener noreferrer\">Anfahrtsplan<\/a><\/p>\n<p>Informationspflicht lt. \u00a7 5 Abs. 1 E-Commerce-Gesetz:<\/p>\n<p>Verein:\u00a0\u00a0\u00a0 westcoastswing.at<\/p>\n<p>ZVR-Zahl: 057781305<\/p>\n<p>Obmann: Gerald Reschner<br \/>\nMail: info@westcoastswing.at<\/p>\n<p>Jede Reproduktion, Kopie, Ver\u00e4nderung oder Weitergabe in welcher Art auch immer &#8211; auch auszugsweise &#8211; ist untersagt und bedarf der ausdr\u00fccklichen schriftlichen Genehmigung.<\/p>\n<p>S\u00e4mtliche Texte auf der Website wurden sorgf\u00e4ltig gepr\u00fcft. Dessen ungeachtet kann keine Garantie f\u00fcr Richtigkeit, Vollst\u00e4ndigkeit und Aktualit\u00e4t der Angaben \u00fcbernommen werden. Die Inhalte dieser Website d\u00fcrfen weder ganz noch teilweise ohne vorherige Genehmigung des Urhebers zu kommerziellen Zwecken vervielf\u00e4ltigt und\/oder in Informationssystemen, die zur Datenweitergabe genutzt werden, gespeichert werden.<br \/>\nSchadensersatzanspr\u00fcche wegen direkter oder indirekter Sch\u00e4den, die aus der Benutzung der WWW-Dokumente entstehen, k\u00f6nnen nicht gegen den WWW-Verantwortlichen oder den Autor geltend gemacht werden. Sofern in dem Dokument durch Hyperlinks auf kommerzielle Websites verwiesen wird, stellt dies keine Empfehlung dar. Diese Links sollen nur eine (unvollst\u00e4ndige) Auswahl von M\u00f6glichkeiten aufzeigen. Ein Anspruch von nicht ber\u00fccksichtigten Websites auf Aufnahme in das Dokument besteht deshalb nicht. F\u00fcr Informationen, die \u00fcber externe Querverweise (Hyperlinks) erreicht werden, wird keine Gew\u00e4hr \u00fcbernommen.<\/p>\n<p>Datenschutz<br \/>\nWir verpflichten uns, die Privatsph\u00e4re aller Personen zu sch\u00fctzen, die unsere Site nutzen, und die pers\u00f6nlichen Daten, die uns von Kunden, Partnern und Interessenten \u00fcberlassen werden, vertraulich zu behandeln. Grunds\u00e4tzlich k\u00f6nnen Sie unsere Website jederzeit besuchen und durchbl\u00e4ttern, ohne pers\u00f6nliche Informationen anzugeben. Pers\u00f6nliche Daten, die Sie uns \u00fcber Registrierung auf unserer Site mitteilen, werden weder verkauft noch Dritten \u00fcberlassen, sondern sind ausschlie\u00dflich zur vereinsinternen Verwendung bestimmt.<\/p>\n<p>Westcoastswing.at<\/p>\n<p>Alle Rechte vorbehalten \u00ae<\/p>\n","protected":false},"excerpt":{"rendered":"<p>Herzlich Willkommen beim ersten West Coast Swing Tanzklub in Ober\u00f6sterreich. Unser Standort ist in Traun. Wir trainieren im Pfarrsaal der evangelischen Kirche Traun Doktor \u2013 Knechtl \u2013 Stra\u00dfe 31 4050 Traun Anfahrtsplan Informationspflicht lt. \u00a7 5 Abs. 1 E-Commerce-Gesetz: Verein:\u00a0\u00a0\u00a0 &hellip; <a href=\"https:\/\/www.westcoastswing.at\/wordpress\/impressum\/\">Weiterlesen <span class=\"meta-nav\">&rarr;<\/span><\/a><\/p>\n","protected":false},"author":1,"featured_media":0,"parent":0,"menu_order":0,"comment_status":"closed","ping_status":"closed","template":"","meta":{"footnotes":""},"class_list":["post-16","page","type-page","status-publish","hentry"],"_links":{"self":[{"href":"https:\/\/www.westcoastswing.at\/wordpress\/wp-json\/wp\/v2\/pages\/16","targetHints":{"allow":["GET"]}}],"collection":[{"href":"https:\/\/www.westcoastswing.at\/wordpress\/wp-json\/wp\/v2\/pages"}],"about":[{"href":"https:\/\/www.westcoastswing.at\/wordpress\/wp-json\/wp\/v2\/types\/page"}],"author":[{"embeddable":true,"href":"https:\/\/www.westcoastswing.at\/wordpress\/wp-json\/wp\/v2\/users\/1"}],"replies":[{"embeddable":true,"href":"https:\/\/www.westcoastswing.at\/wordpress\/wp-json\/wp\/v2\/comments?post=16"}],"version-history":[{"count":12,"href":"https:\/\/www.westcoastswing.at\/wordpress\/wp-json\/wp\/v2\/pages\/16\/revisions"}],"predecessor-version":[{"id":638,"href":"https:\/\/www.westcoastswing.at\/wordpress\/wp-json\/wp\/v2\/pages\/16\/revisions\/638"}],"wp:attachment":[{"href":"https:\/\/www.westcoastswing.at\/wordpress\/wp-json\/wp\/v2\/media?parent=16"}],"curies":[{"name":"wp","href":"https:\/\/api.w.org\/{rel}","templated":true}]}}